{"id":7,"date":"2024-10-05T21:48:05","date_gmt":"2024-10-05T21:48:05","guid":{"rendered":"https:\/\/bolsadeativos.com.br\/?page_id=7"},"modified":"2026-04-27T14:45:08","modified_gmt":"2026-04-27T14:45:08","slug":"home","status":"publish","type":"page","link":"https:\/\/bolsadeativos.com.br\/","title":{"rendered":"Home"},"content":{"rendered":"\t\t<div data-elementor-type=\"wp-page\" data-elementor-id=\"7\" class=\"elementor elementor-7\">\n\t\t\t\t<div class=\"elementor-element elementor-element-7301d80 e-flex e-con-boxed e-con e-parent\" data-id=\"7301d80\" data-element_type=\"container\" data-e-type=\"container\" data-settings=\"{&quot;background_background&quot;:&quot;classic&quot;,&quot;jet_parallax_layout_list&quot;:[]}\">\n\t\t\t\t\t<div class=\"e-con-inner\">\n\t\t\t\t<div class=\"elementor-element elementor-element-086e795 elementor-widget elementor-widget-heading\" data-id=\"086e795\" data-element_type=\"widget\" data-e-type=\"widget\" data-widget_type=\"heading.default\">\n\t\t\t\t<div class=\"elementor-widget-container\">\n\t\t\t\t\t<h2 class=\"elementor-heading-title elementor-size-default\">Confira nossas <span class=\"bold\">solu\u00e7\u00f5es financeiras<\/span> para <span class=\"bold\">voc\u00ea<\/span> e para <span class=\"bold\">sua empresa<\/span><\/h2>\t\t\t\t<\/div>\n\t\t\t\t<\/div>\n\t\t\t\t\t<\/div>\n\t\t\t\t<\/div>\n\t\t<div class=\"elementor-element elementor-element-86c6339 e-flex e-con-boxed e-con e-parent\" data-id=\"86c6339\" data-element_type=\"container\" data-e-type=\"container\" data-settings=\"{&quot;jet_parallax_layout_list&quot;:[]}\">\n\t\t\t\t\t<div class=\"e-con-inner\">\n\t\t<div data-raven-element-link=\"{&quot;url&quot;:&quot;https:\\\/\\\/www.bolsadeativos.com\\\/&quot;,&quot;is_external&quot;:&quot;on&quot;,&quot;nofollow&quot;:&quot;&quot;,&quot;custom_attributes&quot;:&quot;&quot;}\" style=\"cursor: pointer\" class=\"elementor-element elementor-element-33822d6 e-con-full e-flex e-con e-child\" data-id=\"33822d6\" data-element_type=\"container\" data-e-type=\"container\" data-settings=\"{&quot;jet_parallax_layout_list&quot;:[]}\">\n\t\t\t\t<div data-raven-element-link=\"{&quot;url&quot;:&quot;https:\\\/\\\/centraldemateriais.com.br\\\/loja\\\/c0b31903-4496-4dbc-b7b8-49128d40d855&quot;,&quot;is_external&quot;:&quot;on&quot;,&quot;nofollow&quot;:&quot;&quot;,&quot;custom_attributes&quot;:&quot;&quot;}\" style=\"cursor: pointer\" class=\"elementor-element elementor-element-00fde52 raven-flip-box--effect-flip raven-flip-box--direction-up elementor-widget elementor-widget-raven-flip-box\" data-id=\"00fde52\" data-element_type=\"widget\" data-e-type=\"widget\" data-widget_type=\"raven-flip-box.default\">\n\t\t\t\t<div class=\"elementor-widget-container\">\n\t\t\t\t\t\t\t<div class=\"raven-flip-box\">\n\t\t\t\t\t<div class=\"raven-flip-box__layer raven-flip-box__front\">\n\t\t\t<div class=\"raven-flip-box__layer__overlay\">\n\t\t\t\t<div class=\"raven-flip-box__layer__inner\">\n\t\t\t\t\t\t\t\t\t\t\t<div class=\"raven-flip-box__image\">\n\t\t\t\t\t\t\t<img fetchpriority=\"high\" decoding=\"async\" width=\"442\" height=\"114\" src=\"https:\/\/bolsadeativos.com.br\/wp-content\/uploads\/2026\/04\/baixados-5.png\" class=\"attachment-full size-full wp-image-882\" alt=\"\" srcset=\"https:\/\/bolsadeativos.com.br\/wp-content\/uploads\/2026\/04\/baixados-5.png 442w, https:\/\/bolsadeativos.com.br\/wp-content\/uploads\/2026\/04\/baixados-5-300x77.png 300w\" sizes=\"(max-width: 442px) 100vw, 442px\" \/>\t\t\t\t\t\t<\/div>\n\t\t\t\t\t\n\t\t\t\t\t\t\t\t\t\t\t<h3 class=\"raven-flip-box__layer__title\">\n\t\t\t\t\t\t\t<\/br>O maior marketplace B2B de ativos industriais do Brasil\t\t\t\t\t\t<\/h3>\n\t\t\t\t\t\n\t\t\t\t\t\t\t\t\t<\/div>\n\t\t\t<\/div>\n\t\t<\/div>\n\t\t\t\t\t<div class=\"raven-flip-box__layer raven-flip-box__back\"\t\t\t>\n\n\t\t\t<div class=\"raven-flip-box__layer__overlay\">\n\t\t\t\t<div class=\"raven-flip-box__layer__inner\">\n\t\t\t\t\t\t\t\t\t\t\t<h3 class=\"raven-flip-box__layer__title\">\n\t\t\t\t\t\t\tEquipamentos, Ve\u00edculos, M\u00e1quinas Pesadas, Caminh\u00f5es, Agr\u00edcolas e Im\u00f3veis\t\t\t\t\t\t<\/h3>\n\t\t\t\t\t\n\t\t\t\t\t\n\t\t\t\t\t\t\t\t<\/div>\n\n\t\t<\/div>\n\t\t<\/div>\n\t\t<\/div>\n\t\t\t\t\t\t<\/div>\n\t\t\t\t<\/div>\n\t\t\t\t<\/div>\n\t\t<div class=\"elementor-element elementor-element-1521956 e-con-full e-flex e-con e-child\" data-id=\"1521956\" data-element_type=\"container\" data-e-type=\"container\" data-settings=\"{&quot;jet_parallax_layout_list&quot;:[]}\">\n\t\t\t\t<div data-raven-element-link=\"{&quot;url&quot;:&quot;https:\\\/\\\/www.bolsadeativos.com\\\/&quot;,&quot;is_external&quot;:&quot;on&quot;,&quot;nofollow&quot;:&quot;&quot;,&quot;custom_attributes&quot;:&quot;&quot;}\" style=\"cursor: pointer\" class=\"elementor-element elementor-element-c6ea76f raven-flip-box--effect-flip raven-flip-box--direction-up elementor-widget elementor-widget-raven-flip-box\" data-id=\"c6ea76f\" data-element_type=\"widget\" data-e-type=\"widget\" data-widget_type=\"raven-flip-box.default\">\n\t\t\t\t<div class=\"elementor-widget-container\">\n\t\t\t\t\t\t\t<div class=\"raven-flip-box\">\n\t\t\t\t\t<div class=\"raven-flip-box__layer raven-flip-box__front\">\n\t\t\t<div class=\"raven-flip-box__layer__overlay\">\n\t\t\t\t<div class=\"raven-flip-box__layer__inner\">\n\t\t\t\t\t\t\t\t\t\t\t<div class=\"raven-flip-box__image\">\n\t\t\t\t\t\t\t<img decoding=\"async\" width=\"1000\" height=\"1000\" src=\"https:\/\/bolsadeativos.com.br\/wp-content\/uploads\/2026\/04\/Ativo-13-100.jpg\" class=\"attachment-full size-full wp-image-906\" alt=\"\" srcset=\"https:\/\/bolsadeativos.com.br\/wp-content\/uploads\/2026\/04\/Ativo-13-100.jpg 1000w, https:\/\/bolsadeativos.com.br\/wp-content\/uploads\/2026\/04\/Ativo-13-100-300x300.jpg 300w, https:\/\/bolsadeativos.com.br\/wp-content\/uploads\/2026\/04\/Ativo-13-100-150x150.jpg 150w, https:\/\/bolsadeativos.com.br\/wp-content\/uploads\/2026\/04\/Ativo-13-100-768x768.jpg 768w, https:\/\/bolsadeativos.com.br\/wp-content\/uploads\/2026\/04\/Ativo-13-100-500x500.jpg 500w\" sizes=\"(max-width: 1000px) 100vw, 1000px\" \/>\t\t\t\t\t\t<\/div>\n\t\t\t\t\t\n\t\t\t\t\t\t\t\t\t\t\t<h3 class=\"raven-flip-box__layer__title\">\n\t\t\t\t\t\t\tFa\u00e7a propostas e negocie com o vendedor<\/br><\/br>Produtos em Venda Direta e BID\t\t\t\t\t\t<\/h3>\n\t\t\t\t\t\n\t\t\t\t\t\t\t\t\t<\/div>\n\t\t\t<\/div>\n\t\t<\/div>\n\t\t\t\t\t<div class=\"raven-flip-box__layer raven-flip-box__back\"\t\t\t>\n\n\t\t\t<div class=\"raven-flip-box__layer__overlay\">\n\t\t\t\t<div class=\"raven-flip-box__layer__inner\">\n\t\t\t\t\t\t\t\t\t\t\t<h3 class=\"raven-flip-box__layer__title\">\n\t\t\t\t\t\t\tFa\u00e7a propostas e negocie com o vendedor<\/br><\/br>Produtos em Venda Direta e BID\t\t\t\t\t\t<\/h3>\n\t\t\t\t\t\n\t\t\t\t\t\n\t\t\t\t\t\t\t\t<\/div>\n\n\t\t<\/div>\n\t\t<\/div>\n\t\t<\/div>\n\t\t\t\t\t\t<\/div>\n\t\t\t\t<\/div>\n\t\t\t\t<\/div>\n\t\t<div class=\"elementor-element elementor-element-a86fdbb e-con-full e-flex e-con e-child\" data-id=\"a86fdbb\" data-element_type=\"container\" data-e-type=\"container\" data-settings=\"{&quot;jet_parallax_layout_list&quot;:[]}\">\n\t\t\t\t<div data-raven-element-link=\"{&quot;url&quot;:&quot;https:\\\/\\\/lista.mercadolivre.com.br\\\/_CustId_655869874?item_id=MLB4410200181&amp;category_id=MLB418371&amp;seller_id=655869874&amp;client=recoview-selleritems&amp;recos_listing=true#origin=vip&amp;component=sellerData&amp;typeSeller=classic&quot;,&quot;is_external&quot;:&quot;on&quot;,&quot;nofollow&quot;:&quot;&quot;,&quot;custom_attributes&quot;:&quot;&quot;}\" style=\"cursor: pointer\" class=\"elementor-element elementor-element-96e365c raven-flip-box--effect-flip raven-flip-box--direction-up elementor-widget elementor-widget-raven-flip-box\" data-id=\"96e365c\" data-element_type=\"widget\" data-e-type=\"widget\" data-widget_type=\"raven-flip-box.default\">\n\t\t\t\t<div class=\"elementor-widget-container\">\n\t\t\t\t\t\t\t<div class=\"raven-flip-box\">\n\t\t\t\t\t<div class=\"raven-flip-box__layer raven-flip-box__front\">\n\t\t\t<div class=\"raven-flip-box__layer__overlay\">\n\t\t\t\t<div class=\"raven-flip-box__layer__inner\">\n\t\t\t\t\t\t\t\t\t\t\t<div class=\"raven-flip-box__image\">\n\t\t\t\t\t\t\t<img decoding=\"async\" width=\"370\" height=\"150\" src=\"https:\/\/bolsadeativos.com.br\/wp-content\/uploads\/2026\/01\/mercado-livre-33.png\" class=\"attachment-full size-full wp-image-839\" alt=\"\" srcset=\"https:\/\/bolsadeativos.com.br\/wp-content\/uploads\/2026\/01\/mercado-livre-33.png 370w, https:\/\/bolsadeativos.com.br\/wp-content\/uploads\/2026\/01\/mercado-livre-33-300x122.png 300w\" sizes=\"(max-width: 370px) 100vw, 370px\" \/>\t\t\t\t\t\t<\/div>\n\t\t\t\t\t\n\t\t\t\t\t\t\t\t\t\t\t<h3 class=\"raven-flip-box__layer__title\">\n\t\t\t\t\t\t\t<br>Loja Oficial Mercado Livre <\/br><\/br>Encontre milhares de produtos a pre\u00e7os incr\u00edveis\t\t\t\t\t\t<\/h3>\n\t\t\t\t\t\n\t\t\t\t\t\t\t\t\t<\/div>\n\t\t\t<\/div>\n\t\t<\/div>\n\t\t\t\t\t<div class=\"raven-flip-box__layer raven-flip-box__back\"\t\t\t>\n\n\t\t\t<div class=\"raven-flip-box__layer__overlay\">\n\t\t\t\t<div class=\"raven-flip-box__layer__inner\">\n\t\t\t\t\t\t\t\t\t\t\t<h3 class=\"raven-flip-box__layer__title\">\n\t\t\t\t\t\t\t<br>Loja Oficial Mercado Livre <\/br><\/br>Encontre milhares de produtos a pre\u00e7os incr\u00edveis\t\t\t\t\t\t<\/h3>\n\t\t\t\t\t\n\t\t\t\t\t\n\t\t\t\t\t\t\t\t<\/div>\n\n\t\t<\/div>\n\t\t<\/div>\n\t\t<\/div>\n\t\t\t\t\t\t<\/div>\n\t\t\t\t<\/div>\n\t\t\t\t<\/div>\n\t\t<div class=\"elementor-element elementor-element-ecda9a6 e-con-full e-flex e-con e-child\" data-id=\"ecda9a6\" data-element_type=\"container\" data-e-type=\"container\" data-settings=\"{&quot;jet_parallax_layout_list&quot;:[]}\">\n\t\t\t\t<div data-raven-element-link=\"{&quot;url&quot;:&quot;https:\\\/\\\/api.whatsapp.com\\\/send?phone=5511933164948&amp;text=Ol%C3%A1,%20gostaria%20de%20mais%20informa%C3%A7%C3%B5es%20sobre%20Nossas%20Maquininhas&quot;,&quot;is_external&quot;:&quot;on&quot;,&quot;nofollow&quot;:&quot;&quot;,&quot;custom_attributes&quot;:&quot;&quot;}\" style=\"cursor: pointer\" class=\"elementor-element elementor-element-ef4a6c7 raven-flip-box--effect-flip raven-flip-box--direction-up elementor-widget elementor-widget-raven-flip-box\" data-id=\"ef4a6c7\" data-element_type=\"widget\" data-e-type=\"widget\" data-widget_type=\"raven-flip-box.default\">\n\t\t\t\t<div class=\"elementor-widget-container\">\n\t\t\t\t\t\t\t<div class=\"raven-flip-box\">\n\t\t\t\t\t<div class=\"raven-flip-box__layer raven-flip-box__front\">\n\t\t\t<div class=\"raven-flip-box__layer__overlay\">\n\t\t\t\t<div class=\"raven-flip-box__layer__inner\">\n\t\t\t\t\t\t\t\t\t\t\t<div class=\"raven-flip-box__image\">\n\t\t\t\t\t\t\t<img loading=\"lazy\" decoding=\"async\" width=\"512\" height=\"512\" src=\"https:\/\/bolsadeativos.com.br\/wp-content\/uploads\/2024\/10\/maquina-de-cartao-de-credito.png\" class=\"attachment-full size-full wp-image-301\" alt=\"\" srcset=\"https:\/\/bolsadeativos.com.br\/wp-content\/uploads\/2024\/10\/maquina-de-cartao-de-credito.png 512w, https:\/\/bolsadeativos.com.br\/wp-content\/uploads\/2024\/10\/maquina-de-cartao-de-credito-300x300.png 300w, https:\/\/bolsadeativos.com.br\/wp-content\/uploads\/2024\/10\/maquina-de-cartao-de-credito-150x150.png 150w, https:\/\/bolsadeativos.com.br\/wp-content\/uploads\/2024\/10\/maquina-de-cartao-de-credito-500x500.png 500w\" sizes=\"(max-width: 512px) 100vw, 512px\" \/>\t\t\t\t\t\t<\/div>\n\t\t\t\t\t\n\t\t\t\t\t\t\t\t\t\t\t<h3 class=\"raven-flip-box__layer__title\">\n\t\t\t\t\t\t\tMaquininhas<\/br>BOLSA PAY<\/br><\/br>Melhores Taxas<\/br>do Mercado\t\t\t\t\t\t<\/h3>\n\t\t\t\t\t\n\t\t\t\t\t\t\t\t\t<\/div>\n\t\t\t<\/div>\n\t\t<\/div>\n\t\t\t\t\t<div class=\"raven-flip-box__layer raven-flip-box__back\"\t\t\t>\n\n\t\t\t<div class=\"raven-flip-box__layer__overlay\">\n\t\t\t\t<div class=\"raven-flip-box__layer__inner\">\n\t\t\t\t\t\t\t\t\t\t\t<h3 class=\"raven-flip-box__layer__title\">\n\t\t\t\t\t\t\t<\/br>Maquininhas<\/br>PagSeguro\t\t\t\t\t\t<\/h3>\n\t\t\t\t\t\n\t\t\t\t\t\n\t\t\t\t\t\t\t\t<\/div>\n\n\t\t<\/div>\n\t\t<\/div>\n\t\t<\/div>\n\t\t\t\t\t\t<\/div>\n\t\t\t\t<\/div>\n\t\t\t\t<\/div>\n\t\t<div class=\"elementor-element elementor-element-f81d07d e-con-full e-flex e-con e-child\" data-id=\"f81d07d\" data-element_type=\"container\" data-e-type=\"container\" data-settings=\"{&quot;jet_parallax_layout_list&quot;:[]}\">\n\t\t\t\t<div data-raven-element-link=\"{&quot;url&quot;:&quot;https:\\\/\\\/api.whatsapp.com\\\/send?phone=5511933164948&amp;text=Ol%C3%A1,%20gostaria%20de%20mais%20informa%C3%A7%C3%B5es%20sobre%20Emprestimos%20para%20CNPJ%20ou%20CPF&quot;,&quot;is_external&quot;:&quot;on&quot;,&quot;nofollow&quot;:&quot;&quot;,&quot;custom_attributes&quot;:&quot;&quot;}\" style=\"cursor: pointer\" class=\"elementor-element elementor-element-88409a3 raven-flip-box--effect-flip raven-flip-box--direction-up elementor-widget elementor-widget-raven-flip-box\" data-id=\"88409a3\" data-element_type=\"widget\" data-e-type=\"widget\" data-widget_type=\"raven-flip-box.default\">\n\t\t\t\t<div class=\"elementor-widget-container\">\n\t\t\t\t\t\t\t<div class=\"raven-flip-box\">\n\t\t\t\t\t<div class=\"raven-flip-box__layer raven-flip-box__front\">\n\t\t\t<div class=\"raven-flip-box__layer__overlay\">\n\t\t\t\t<div class=\"raven-flip-box__layer__inner\">\n\t\t\t\t\t\t\t\t\t\t\t<div class=\"raven-flip-box__image\">\n\t\t\t\t\t\t\t<img loading=\"lazy\" decoding=\"async\" width=\"81\" height=\"81\" src=\"https:\/\/bolsadeativos.com.br\/wp-content\/uploads\/2024\/10\/EMPRESTIMO-PARA-CNPJ-OU-CPF.png\" class=\"attachment-full size-full wp-image-50\" alt=\"\" \/>\t\t\t\t\t\t<\/div>\n\t\t\t\t\t\n\t\t\t\t\t\t\t\t\t\t\t<h3 class=\"raven-flip-box__layer__title\">\n\t\t\t\t\t\t\tPrecisando de Dinheiro ?<\/br><\/br>Cr\u00e9dito Pessoa F\u00edsica ou Jur\u00eddica\t\t\t\t\t\t<\/h3>\n\t\t\t\t\t\n\t\t\t\t\t\t\t\t\t<\/div>\n\t\t\t<\/div>\n\t\t<\/div>\n\t\t\t\t\t<div class=\"raven-flip-box__layer raven-flip-box__back\"\t\t\t>\n\n\t\t\t<div class=\"raven-flip-box__layer__overlay\">\n\t\t\t\t<div class=\"raven-flip-box__layer__inner\">\n\t\t\t\t\t\t\t\t\t\t\t<h3 class=\"raven-flip-box__layer__title\">\n\t\t\t\t\t\t\tPrecisando de Dinheiro ?<\/br><\/br>Cr\u00e9dito Pessoa F\u00edsica ou Jur\u00eddica\t\t\t\t\t\t<\/h3>\n\t\t\t\t\t\n\t\t\t\t\t\n\t\t\t\t\t\t\t\t<\/div>\n\n\t\t<\/div>\n\t\t<\/div>\n\t\t<\/div>\n\t\t\t\t\t\t<\/div>\n\t\t\t\t<\/div>\n\t\t\t\t<\/div>\n\t\t\t\t\t<\/div>\n\t\t\t\t<\/div>\n\t\t<div class=\"elementor-element elementor-element-f911569 e-flex e-con-boxed e-con e-parent\" data-id=\"f911569\" data-element_type=\"container\" data-e-type=\"container\" data-settings=\"{&quot;background_background&quot;:&quot;classic&quot;,&quot;jet_parallax_layout_list&quot;:[]}\">\n\t\t\t\t\t<div class=\"e-con-inner\">\n\t\t\t\t<div class=\"elementor-element elementor-element-1f493a7 elementor-widget elementor-widget-heading\" data-id=\"1f493a7\" data-element_type=\"widget\" data-e-type=\"widget\" data-widget_type=\"heading.default\">\n\t\t\t\t<div class=\"elementor-widget-container\">\n\t\t\t\t\t<h2 class=\"elementor-heading-title elementor-size-default\">Venha para o <span class=\"bold\">Bolsa Pay<\/span>, aqui voc\u00ea encontra tudo em um \u00fanico lugar. Oferecemos um ambiente altamente seguro para voc\u00ea fazer suas transa\u00e7\u00f5es de forma r\u00e1pida, f\u00e1cil e sem burocracia.\n<\/br>\n<\/br>\n\nO <span class=\"bold\">Bolsa Pay<\/span> \u00e9 uma plataforma que veio para facilitar sua vida, acesse agora e crie sua conta conosco.\n<\/br><\/br>\n<span class=\"bold\">Bolsa Pay o seu correspondente banc\u00e1rio<\/span><\/h2>\t\t\t\t<\/div>\n\t\t\t\t<\/div>\n\t\t\t\t\t<\/div>\n\t\t\t\t<\/div>\n\t\t<div class=\"elementor-element elementor-element-c47b1db e-flex e-con-boxed e-con e-parent\" data-id=\"c47b1db\" data-element_type=\"container\" data-e-type=\"container\" data-settings=\"{&quot;jet_parallax_layout_list&quot;:[]}\">\n\t\t\t\t\t<div class=\"e-con-inner\">\n\t\t<div class=\"elementor-element elementor-element-e009e53 e-con-full e-flex e-con e-child\" data-id=\"e009e53\" data-element_type=\"container\" data-e-type=\"container\" data-settings=\"{&quot;jet_parallax_layout_list&quot;:[]}\">\n\t\t\t\t<div class=\"elementor-element elementor-element-0939645 elementor-widget elementor-widget-heading\" data-id=\"0939645\" data-element_type=\"widget\" data-e-type=\"widget\" data-widget_type=\"heading.default\">\n\t\t\t\t<div class=\"elementor-widget-container\">\n\t\t\t\t\t<h2 class=\"elementor-heading-title elementor-size-default\">Mais <span class=\"bold\">facilidade<\/span><\/br>\npara o seu dia a dia<\/h2>\t\t\t\t<\/div>\n\t\t\t\t<\/div>\n\t\t\t\t<div class=\"elementor-element elementor-element-7206993 elementor-widget elementor-widget-heading\" data-id=\"7206993\" data-element_type=\"widget\" data-e-type=\"widget\" data-widget_type=\"heading.default\">\n\t\t\t\t<div class=\"elementor-widget-container\">\n\t\t\t\t\t<h1 class=\"elementor-heading-title elementor-size-default\">CONHE\u00c7A NOSSO APP<\/h1>\t\t\t\t<\/div>\n\t\t\t\t<\/div>\n\t\t\t\t<div class=\"elementor-element elementor-element-662d4a3 elementor-widget__width-initial elementor-widget elementor-widget-image\" data-id=\"662d4a3\" data-element_type=\"widget\" data-e-type=\"widget\" data-widget_type=\"image.default\">\n\t\t\t\t<div class=\"elementor-widget-container\">\n\t\t\t\t\t\t\t\t\t\t\t\t\t\t\t\t<a href=\"https:\/\/play.google.com\/store\/apps\/details?id=app.bolsapay.arg3o3hd\" target=\"_blank\">\n\t\t\t\t\t\t\t<img loading=\"lazy\" decoding=\"async\" width=\"187\" height=\"55\" src=\"https:\/\/bolsadeativos.com.br\/wp-content\/uploads\/2024\/11\/pngegg111.png\" class=\"attachment-Image Size 500x500 size-Image Size 500x500 wp-image-569\" alt=\"\" \/>\t\t\t\t\t\t\t\t<\/a>\n\t\t\t\t\t\t\t\t\t\t\t\t\t\t\t<\/div>\n\t\t\t\t<\/div>\n\t\t\t\t<div class=\"elementor-element elementor-element-437c9d5 elementor-widget__width-initial elementor-widget elementor-widget-image\" data-id=\"437c9d5\" data-element_type=\"widget\" data-e-type=\"widget\" data-widget_type=\"image.default\">\n\t\t\t\t<div class=\"elementor-widget-container\">\n\t\t\t\t\t\t\t\t\t\t\t\t\t\t\t\t<a href=\"https:\/\/apps.apple.com\/br\/app\/bolsa-pay\/id6738362522\" target=\"_blank\">\n\t\t\t\t\t\t\t<img loading=\"lazy\" decoding=\"async\" width=\"187\" height=\"58\" src=\"https:\/\/bolsadeativos.com.br\/wp-content\/uploads\/2024\/11\/pngegg22.png\" class=\"attachment-Image Size 500x500 size-Image Size 500x500 wp-image-568\" alt=\"\" \/>\t\t\t\t\t\t\t\t<\/a>\n\t\t\t\t\t\t\t\t\t\t\t\t\t\t\t<\/div>\n\t\t\t\t<\/div>\n\t\t\t\t<\/div>\n\t\t<div class=\"elementor-element elementor-element-3a7ed65 e-con-full e-flex e-con e-child\" data-id=\"3a7ed65\" data-element_type=\"container\" data-e-type=\"container\" data-settings=\"{&quot;jet_parallax_layout_list&quot;:[]}\">\n\t\t\t\t<div class=\"elementor-element elementor-element-e4d3bd7 elementor-widget elementor-widget-image\" data-id=\"e4d3bd7\" data-element_type=\"widget\" data-e-type=\"widget\" data-widget_type=\"image.default\">\n\t\t\t\t<div class=\"elementor-widget-container\">\n\t\t\t\t\t\t\t\t\t\t\t\t\t\t\t<img loading=\"lazy\" decoding=\"async\" width=\"842\" height=\"663\" src=\"https:\/\/bolsadeativos.com.br\/wp-content\/uploads\/2024\/10\/Agrupar-15.png\" class=\"attachment-full size-full wp-image-46\" alt=\"\" srcset=\"https:\/\/bolsadeativos.com.br\/wp-content\/uploads\/2024\/10\/Agrupar-15.png 842w, https:\/\/bolsadeativos.com.br\/wp-content\/uploads\/2024\/10\/Agrupar-15-300x236.png 300w, https:\/\/bolsadeativos.com.br\/wp-content\/uploads\/2024\/10\/Agrupar-15-768x605.png 768w\" sizes=\"(max-width: 842px) 100vw, 842px\" \/>\t\t\t\t\t\t\t\t\t\t\t\t\t\t\t<\/div>\n\t\t\t\t<\/div>\n\t\t\t\t<\/div>\n\t\t\t\t\t<\/div>\n\t\t\t\t<\/div>\n\t\t<div class=\"elementor-element elementor-element-d6835bf e-flex e-con-boxed e-con e-parent\" data-id=\"d6835bf\" data-element_type=\"container\" data-e-type=\"container\" data-settings=\"{&quot;jet_parallax_layout_list&quot;:[]}\">\n\t\t\t\t\t<div class=\"e-con-inner\">\n\t\t\t\t\t<\/div>\n\t\t\t\t<\/div>\n\t\t\t\t<\/div>\n\t\t","protected":false},"excerpt":{"rendered":"<p>Confira nossas solu\u00e7\u00f5es financeiras para voc\u00ea e para sua empresa O maior marketplace B2B de ativos industriais do Brasil Equipamentos, Ve\u00edculos, M\u00e1quinas Pesadas, Caminh\u00f5es, Agr\u00edcolas e Im\u00f3veis Fa\u00e7a propostas e negocie com o vendedorProdutos em Venda Direta e BID Fa\u00e7a propostas e negocie com o vendedorProdutos em Venda Direta e BID Loja Oficial Mercado Livre [&hellip;]<\/p>\n","protected":false},"author":1,"featured_media":0,"parent":0,"menu_order":0,"comment_status":"closed","ping_status":"closed","template":"","meta":{"_acf_changed":false,"footnotes":""},"class_list":["post-7","page","type-page","status-publish","hentry"],"acf":[],"_links":{"self":[{"href":"https:\/\/bolsadeativos.com.br\/index.php\/wp-json\/wp\/v2\/pages\/7","targetHints":{"allow":["GET"]}}],"collection":[{"href":"https:\/\/bolsadeativos.com.br\/index.php\/wp-json\/wp\/v2\/pages"}],"about":[{"href":"https:\/\/bolsadeativos.com.br\/index.php\/wp-json\/wp\/v2\/types\/page"}],"author":[{"embeddable":true,"href":"https:\/\/bolsadeativos.com.br\/index.php\/wp-json\/wp\/v2\/users\/1"}],"replies":[{"embeddable":true,"href":"https:\/\/bolsadeativos.com.br\/index.php\/wp-json\/wp\/v2\/comments?post=7"}],"version-history":[{"count":489,"href":"https:\/\/bolsadeativos.com.br\/index.php\/wp-json\/wp\/v2\/pages\/7\/revisions"}],"predecessor-version":[{"id":910,"href":"https:\/\/bolsadeativos.com.br\/index.php\/wp-json\/wp\/v2\/pages\/7\/revisions\/910"}],"wp:attachment":[{"href":"https:\/\/bolsadeativos.com.br\/index.php\/wp-json\/wp\/v2\/media?parent=7"}],"curies":[{"name":"wp","href":"https:\/\/api.w.org\/{rel}","templated":true}]}}